{"id":2191,"date":"2025-11-18T02:19:03","date_gmt":"2025-11-18T03:19:03","guid":{"rendered":"https:\/\/spitex.pt\/termos-e-condicoes\/"},"modified":"2026-03-03T12:55:35","modified_gmt":"2026-03-03T13:55:35","slug":"terms-and-conditions","status":"publish","type":"page","link":"https:\/\/spitex.pt\/en\/terms-and-conditions\/","title":{"rendered":"Terms and Conditions"},"content":{"rendered":"\n<div style=\"height:50px\" aria-hidden=\"true\" class=\"wp-block-spacer\"><\/div>\n\n\n\n<p><strong>TERMS AND CONDITIONS<\/strong><\/p>\n\n\n\n<p><strong>1. General conditions<\/strong><\/p>\n\n\n\n<p>1.1. The company Spitex II, Unipessoal, Lda, with headquarters at Praceta do Com\u00e9rcio, Arm. 3.3\/3.4. Azores Parque 9500-794 Ponta Delgada, legal entity no. 512103054, which is also its registration number at the Commercial Registry Office of Ponta Delgada, is responsible for the website <a href=\"https:\/\/www.spitex.pt\/\">https:\/\/www.spitex.pt\/<\/a> (hereinafter referred to as the \u201cwebsite\u201d).<\/p>\n\n\n\n<p>1.2. By using the service provided by Spitex II, Unipessoal, Lda on this website, the user agrees to accept and comply with the Terms and Conditions of Use described herein, as well as any future modifications there to.<\/p>\n\n\n\n<p>1.3 Under the terms and conditions mentioned herein, whenever the terms \u201cwe\u201d or \u201cour\u201d are used, we refer to Spitex II, Unipessoal, Lda or https:\/\/www.spitex.pt\/. Whenever we use \u2018you\u2019 or \u201cyour,\u201d we refer to any person who uses <a href=\"https:\/\/www.spitex.pt\/.\">https:\/\/www.spitex.pt\/.<\/a><\/p>\n\n\n\n<p>1.4. By accessing and using this website, you are subject to the following Terms and Conditions, as well as our Privacy Policy. By browsing the website, you agree to comply with these Terms and Conditions and Privacy Policy. If you do not agree with their content, you are not permitted to access and use the website, and you must terminate your access and\/or use immediately.<\/p>\n\n\n\n<p>1.5. You should carefully read the Terms and Conditions each time you access the site.<\/p>\n\n\n\n<p>1.6. If you violate any of the terms included herein, your right to access and use this website will be terminated immediately.<\/p>\n\n\n\n<p>1.7. The content of this site is protected by copyright and is the property of Spitex II, Unipessoal, Lda. It is not permitted to use it in any way without our consent.<\/p>\n\n\n\n<p><strong>2. Budget<\/strong><br>2.1. Any quote sent is valid for 30 days from the date of dispatch and may be subject to revision after this period.<\/p>\n\n\n\n<p>2.2. In the event of any error in the quote sent, Spitex II, Unipessoal, Lda reserves the right to rectify it during its period of validity (30 days).<\/p>\n\n\n\n<p>2.3. Any change requested by the customer, service, or expense not expressly stated in the initial quote will incur an additional cost.<\/p>\n\n\n\n<p><strong>3. Copyright, Ownership, and Intellectual Property Rights<\/strong><br>3.1. All content on this website, including text, design, illustrations, logos, video, audio, photographs, and other elements, is protected by law under the Copyright and Related Rights Code. It is not permitted to display, reproduce, distribute, modify, transmit, or use the content in any way, for any public or commercial purpose, without our prior and express written consent.<\/p>\n\n\n\n<p>3.2. The contents of this website are protected by Copyright and Related Rights, Industrial Property Rights, the Computer Crime Law, and are the property of Spitex II, Unipessoal, Lda.<\/p>\n\n\n\n<p>3.3. The Copyright on the Work will only be the property of the customer when it has been completed, approved, and paid for in full.<\/p>\n\n\n\n<p>3.4. We reserve the right not to provide the client with editable files, fonts, or other tools and software necessary for the production of the work.<\/p>\n\n\n\n<p>3.5. Spitex II, Unipessoal, Lda reserves the right to take legal action against the authors of any unauthorized copying, reproduction, dissemination, or commercial exploitation of texts, designs, illustrations, logos, video, audio, photographs, and other elements that have not been transferred to the customer.<\/p>\n\n\n\n<p>3.6. The customer is responsible for ensuring that the materials provided by them for the execution of the work do not infringe any Copyright or Industrial Property Rights of third parties and for any damages caused to Spitex II, Unipessoal, Lda, due to the improper use thereof.<\/p>\n\n\n\n<p><strong>4.Online Dispute Resolution<\/strong><br>The European Union has created a website to help consumers file complaints about any disputes they may be involved in. In this context, Spitex II, Unipessoal, Lda provides all the information you need to exercise your right to complain to an official, third-party, impartial entity (\u201cdispute resolution entity\u201d) that will help you resolve the dispute in question.<\/p>\n\n\n\n<p>Therefore, if you are dissatisfied with the purchase of a good or service on our website, or with the solution we have presented to resolve the situation, you can access this official website <a href=\"https:\/\/ec.europa.eu\/consumers\/odr\/main\/index.cfm?event=main.home2.show&amp;lng=PT \">https:\/\/ec.europa.eu\/consumers\/odr\/main\/index.cfm?event=main.home2.show&amp;lng=PT <\/a>and submit your complaint.<\/p>\n\n\n\n<p>4.1. What is alternative dispute resolution?<br>Alternative dispute resolution is the possibility that all consumers have at their disposal to resort to official entities that help them resolve or guide them through a conflict before opening litigation proceedings in the courts.<\/p>\n\n\n\n<p>As a general rule, the procedure is as follows: the customer asks an impartial third party to intervene as an intermediary between themselves and the trader who is the subject of their complaint. The intermediary may suggest a solution to their complaint, impose a solution on both parties, or bring the parties together to find a solution.<\/p>\n\n\n\n<p>You may be familiar with the concept of alternative dispute resolution by another name: \u2018mediation\u2019, \u2018conciliation\u2019, \u2018arbitration\u2019 or \u2018competent commission in consumer disputes\u2019.<\/p>\n\n\n\n<p>Alternative dispute resolution is usually less expensive, less formal, and faster than going to court.<\/p>\n\n\n\n<p>Suggestions for Alternative Dispute Resolution Entities:<\/p>\n\n\n\n<p>CNIACC \u2013 National Center for Information and Arbitration of Consumer Conflicts<br><a href=\"https:\/\/www.arbitragemdeconsumo.org\/\">https:\/\/www.arbitragemdeconsumo.org\/<\/a><\/p>\n\n\n\n<p>Lisbon Center for Arbitration of Consumer Conflicts<br><a href=\"https:\/\/www.centroarbitragemlisboa.pt\/\">https:\/\/www.centroarbitragemlisboa.pt\/<\/a><\/p>\n\n\n\n<p>Vale do Ave Consumer Conflict Arbitration Center\/Arbitration Court<br><a href=\"https:\/\/www.triave.pt\/\">https:\/\/www.triave.pt\/<\/a><\/p>\n\n\n\n<p>CIAB \u2013 Centro de Informa\u00e7\u00e3o, Media\u00e7\u00e3o e Arbitragem de Consumo (Tribunal Arbitral de Consumo)<br><a href=\"https:\/\/www.ciab.pt\/pt\/\">https:\/\/www.ciab.pt\/pt\/<\/a><\/p>\n\n\n\n<p>CIMPAS \u2013 Centro de Informa\u00e7\u00e3o, Media\u00e7\u00e3o e Provedoria de Seguros<br><a href=\"https:\/\/www.cimpas.pt\/\">https:\/\/www.cimpas.pt\/<\/a><\/p>\n\n\n\n<p><strong>5. Permitted Use\/Prohibited Activities<\/strong><br>Access to and use of this website is permitted only for personal and non-commercial purposes, i.e., the site may only be accessed and used by private individuals or by a company that wishes to purchase our services\/products or a company representing them.<\/p>\n\n\n\n<p>Any activities that we consider inappropriate and\/or that may be illegal under the laws applicable to this site are prohibited, including, but not limited to:<\/p>\n\n\n\n<p>5.1. Harming, abusing, defaming, threatening, or harassing another person or company, or in a manner that invades the privacy of others, or that is obscene, offensive, hateful, indecent, inappropriate, objectionable, unacceptable, discriminatory, or harmful.<\/p>\n\n\n\n<p>5.2. Actions that may constitute a violation of privacy, such as sending private information to this website without the consent of the person concerned or any other legal rights of individuals.<\/p>\n\n\n\n<p>5.3. Sending files to this website that contain viruses that may cause damage to the property of Spitex II, Unipessoal, Lda or to the property of individuals, or modifying or reverse engineering any part of the website.<\/p>\n\n\n\n<p>5.4. Use any type of automated computer code, process, program, robot, internet crawler, spider, data processor, drag, or screen scraping alternatives to computer codes, processes, programs, or systems.<\/p>\n\n\n\n<p>5.5. It is expressly prohibited to use the website for illegal purposes or any other purposes that may be considered unworthy of our image. Usurpation, counterfeiting, exploitation of usurped or counterfeit content, illegitimate identification, and unfair competition are criminally punishable.<\/p>\n\n\n\n<p><strong>6. Contents and Warranties<\/strong><br>6.1. The information on this website has been included in good faith and is for general information purposes only. Its use is at the user&#8217;s sole risk.<\/p>\n\n\n\n<p>6.2. This website and its contents are provided without warranties of any kind, meaning that no guarantee is given that access to this website will be uninterrupted or error-free, free of viruses or other harmful material, or that the information contained on this website is complete, accurate, or timely.<\/p>\n\n\n\n<p>6.3. Spitex II, Unipessoal, Lda reserves the right to make changes and corrections, suspend or terminate the website when deemed appropriate and without prior notice.<\/p>\n\n\n\n<p>6.4. Spitex II, Unipessoal, Lda does not filter or monitor in advance the content transmitted to this website by third parties and is not responsible for filtering or monitoring any such content.<\/p>\n\n\n\n<p>6.5. If notified, Spitex II, Unipessoal, Lda may investigate an allegation that content transmitted to this website is violating the Terms and Conditions and may determine whether to have the information removed from this site.<\/p>\n\n\n\n<p>6.6. Spitex II, Unipessoal, Lda assumes no responsibility or liability for any action or content transmitted by or between the user or any third parties inside or outside this website.<\/p>\n\n\n\n<p><strong>7. Responsibility, Use, and Risk<\/strong><br>7.1. The way you use this website and the content therein is solely your responsibility and risk.<\/p>\n\n\n\n<p>7.2. Spitex II, Unipessoal, Lda and all its legal representatives, directors, employees, and agents, as well as any other party involved in the creation, production, maintenance, or implementation of this website, shall not be liable to any user of the website for any possible damage, loss, or injury (including any loss of profit and moral damages, indirect, incidental, or consequential loss) arising from the correct or incorrect use of this site and its content, access to the user&#8217;s computer or computer system by third parties, viruses, etc.<\/p>\n\n\n\n<p>This Site contains links to third-party websites. These links are provided solely for the convenience and accessibility of the user. We do not endorse the content of any of these third-party websites and are not responsible for the content of any of these websites. Access to and visits to any of these third-party websites are entirely at the user&#8217;s own risk.<\/p>\n\n\n\n<p><strong>8. Jurisdiction and Applicable Law<\/strong><br>Spitex II, Unipessoal, Lda and the user of this website accept, without reservation, that any dispute or litigation arising from the use of this website shall be governed by Portuguese law.<\/p>\n\n\n\n<p>Last updated on: 03\/11\/2025<\/p>\n\n\n\n<div style=\"height:50px\" aria-hidden=\"true\" class=\"wp-block-spacer\"><\/div>\n\n\n\n<p><\/p>\n","protected":false},"excerpt":{"rendered":"<p>TERMS AND CONDITIONS 1. General conditions 1.1. The company Spitex II, Unipessoal, Lda, with headquarters at Praceta do Com\u00e9rcio, Arm. 3.3\/3.4. Azores Parque 9500-794 Ponta Delgada, legal entity no. 512103054, which is also its registration number at the Commercial Registry Office of Ponta Delgada, is responsible for the website https:\/\/www.spitex.pt\/ (hereinafter referred to as the [&hellip;]<\/p>\n","protected":false},"author":1,"featured_media":0,"parent":0,"menu_order":0,"comment_status":"closed","ping_status":"closed","template":"","meta":{"_acf_changed":false,"footnotes":""},"class_list":["post-2191","page","type-page","status-publish","hentry"],"acf":[],"yoast_head":"<!-- This site is optimized with the Yoast SEO plugin v26.7 - https:\/\/yoast.com\/wordpress\/plugins\/seo\/ -->\n<title>Terms and Conditions - Spitex<\/title>\n<meta name=\"description\" content=\"Terms and Conditions: By using the service provided by Spitex II, Unipessoal, Lda on this website.\" \/>\n<meta name=\"robots\" content=\"index, follow, max-snippet:-1, max-image-preview:large, max-video-preview:-1\" \/>\n<link rel=\"canonical\" href=\"https:\/\/spitex.pt\/en\/terms-and-conditions\/\" \/>\n<meta property=\"og:locale\" content=\"en_US\" \/>\n<meta property=\"og:type\" content=\"article\" \/>\n<meta property=\"og:title\" content=\"Terms and Conditions - Spitex\" \/>\n<meta property=\"og:description\" content=\"Terms and Conditions: By using the service provided by Spitex II, Unipessoal, Lda on this website.\" \/>\n<meta property=\"og:url\" content=\"https:\/\/spitex.pt\/en\/terms-and-conditions\/\" \/>\n<meta property=\"og:site_name\" content=\"Spitex\" \/>\n<meta property=\"article:publisher\" content=\"https:\/\/www.facebook.com\/spitex.lda\" \/>\n<meta property=\"article:modified_time\" content=\"2026-03-03T13:55:35+00:00\" \/>\n<meta name=\"twitter:card\" content=\"summary_large_image\" \/>\n<meta name=\"twitter:label1\" content=\"Est. reading time\" \/>\n\t<meta name=\"twitter:data1\" content=\"9 minutes\" \/>\n<script type=\"application\/ld+json\" class=\"yoast-schema-graph\">{\"@context\":\"https:\/\/schema.org\",\"@graph\":[{\"@type\":\"WebPage\",\"@id\":\"https:\/\/spitex.pt\/en\/terms-and-conditions\/\",\"url\":\"https:\/\/spitex.pt\/en\/terms-and-conditions\/\",\"name\":\"Terms and Conditions - Spitex\",\"isPartOf\":{\"@id\":\"https:\/\/spitex.pt\/en\/#website\"},\"datePublished\":\"2025-11-18T03:19:03+00:00\",\"dateModified\":\"2026-03-03T13:55:35+00:00\",\"description\":\"Terms and Conditions: By using the service provided by Spitex II, Unipessoal, Lda on this website.\",\"breadcrumb\":{\"@id\":\"https:\/\/spitex.pt\/en\/terms-and-conditions\/#breadcrumb\"},\"inLanguage\":\"en-US\",\"potentialAction\":[{\"@type\":\"ReadAction\",\"target\":[\"https:\/\/spitex.pt\/en\/terms-and-conditions\/\"]}]},{\"@type\":\"BreadcrumbList\",\"@id\":\"https:\/\/spitex.pt\/en\/terms-and-conditions\/#breadcrumb\",\"itemListElement\":[{\"@type\":\"ListItem\",\"position\":1,\"name\":\"In\u00edcio\",\"item\":\"https:\/\/spitex.pt\/en\/\"},{\"@type\":\"ListItem\",\"position\":2,\"name\":\"Terms and Conditions\"}]},{\"@type\":\"WebSite\",\"@id\":\"https:\/\/spitex.pt\/en\/#website\",\"url\":\"https:\/\/spitex.pt\/en\/\",\"name\":\"Spitex\",\"description\":\"\",\"publisher\":{\"@id\":\"https:\/\/spitex.pt\/en\/#organization\"},\"potentialAction\":[{\"@type\":\"SearchAction\",\"target\":{\"@type\":\"EntryPoint\",\"urlTemplate\":\"https:\/\/spitex.pt\/en\/?s={search_term_string}\"},\"query-input\":{\"@type\":\"PropertyValueSpecification\",\"valueRequired\":true,\"valueName\":\"search_term_string\"}}],\"inLanguage\":\"en-US\"},{\"@type\":\"Organization\",\"@id\":\"https:\/\/spitex.pt\/en\/#organization\",\"name\":\"Spitex\",\"url\":\"https:\/\/spitex.pt\/en\/\",\"logo\":{\"@type\":\"ImageObject\",\"inLanguage\":\"en-US\",\"@id\":\"https:\/\/spitex.pt\/en\/#\/schema\/logo\/image\/\",\"url\":\"https:\/\/spitex.pt\/wp-content\/uploads\/2025\/11\/favicon.png\",\"contentUrl\":\"https:\/\/spitex.pt\/wp-content\/uploads\/2025\/11\/favicon.png\",\"width\":512,\"height\":512,\"caption\":\"Spitex\"},\"image\":{\"@id\":\"https:\/\/spitex.pt\/en\/#\/schema\/logo\/image\/\"},\"sameAs\":[\"https:\/\/www.facebook.com\/spitex.lda\",\"https:\/\/pt.linkedin.com\/posts\/spitex-lda_spitex-lda-linkedin-activity-7077717685664399363-kRpI\",\"https:\/\/www.instagram.com\/spitex_portugal\/\"]}]}<\/script>\n<!-- \/ Yoast SEO plugin. -->","yoast_head_json":{"title":"Terms and Conditions - Spitex","description":"Terms and Conditions: By using the service provided by Spitex II, Unipessoal, Lda on this website.","robots":{"index":"index","follow":"follow","max-snippet":"max-snippet:-1","max-image-preview":"max-image-preview:large","max-video-preview":"max-video-preview:-1"},"canonical":"https:\/\/spitex.pt\/en\/terms-and-conditions\/","og_locale":"en_US","og_type":"article","og_title":"Terms and Conditions - Spitex","og_description":"Terms and Conditions: By using the service provided by Spitex II, Unipessoal, Lda on this website.","og_url":"https:\/\/spitex.pt\/en\/terms-and-conditions\/","og_site_name":"Spitex","article_publisher":"https:\/\/www.facebook.com\/spitex.lda","article_modified_time":"2026-03-03T13:55:35+00:00","twitter_card":"summary_large_image","twitter_misc":{"Est. reading time":"9 minutes"},"schema":{"@context":"https:\/\/schema.org","@graph":[{"@type":"WebPage","@id":"https:\/\/spitex.pt\/en\/terms-and-conditions\/","url":"https:\/\/spitex.pt\/en\/terms-and-conditions\/","name":"Terms and Conditions - Spitex","isPartOf":{"@id":"https:\/\/spitex.pt\/en\/#website"},"datePublished":"2025-11-18T03:19:03+00:00","dateModified":"2026-03-03T13:55:35+00:00","description":"Terms and Conditions: By using the service provided by Spitex II, Unipessoal, Lda on this website.","breadcrumb":{"@id":"https:\/\/spitex.pt\/en\/terms-and-conditions\/#breadcrumb"},"inLanguage":"en-US","potentialAction":[{"@type":"ReadAction","target":["https:\/\/spitex.pt\/en\/terms-and-conditions\/"]}]},{"@type":"BreadcrumbList","@id":"https:\/\/spitex.pt\/en\/terms-and-conditions\/#breadcrumb","itemListElement":[{"@type":"ListItem","position":1,"name":"In\u00edcio","item":"https:\/\/spitex.pt\/en\/"},{"@type":"ListItem","position":2,"name":"Terms and Conditions"}]},{"@type":"WebSite","@id":"https:\/\/spitex.pt\/en\/#website","url":"https:\/\/spitex.pt\/en\/","name":"Spitex","description":"","publisher":{"@id":"https:\/\/spitex.pt\/en\/#organization"},"potentialAction":[{"@type":"SearchAction","target":{"@type":"EntryPoint","urlTemplate":"https:\/\/spitex.pt\/en\/?s={search_term_string}"},"query-input":{"@type":"PropertyValueSpecification","valueRequired":true,"valueName":"search_term_string"}}],"inLanguage":"en-US"},{"@type":"Organization","@id":"https:\/\/spitex.pt\/en\/#organization","name":"Spitex","url":"https:\/\/spitex.pt\/en\/","logo":{"@type":"ImageObject","inLanguage":"en-US","@id":"https:\/\/spitex.pt\/en\/#\/schema\/logo\/image\/","url":"https:\/\/spitex.pt\/wp-content\/uploads\/2025\/11\/favicon.png","contentUrl":"https:\/\/spitex.pt\/wp-content\/uploads\/2025\/11\/favicon.png","width":512,"height":512,"caption":"Spitex"},"image":{"@id":"https:\/\/spitex.pt\/en\/#\/schema\/logo\/image\/"},"sameAs":["https:\/\/www.facebook.com\/spitex.lda","https:\/\/pt.linkedin.com\/posts\/spitex-lda_spitex-lda-linkedin-activity-7077717685664399363-kRpI","https:\/\/www.instagram.com\/spitex_portugal\/"]}]}},"_links":{"self":[{"href":"https:\/\/spitex.pt\/en\/wp-json\/wp\/v2\/pages\/2191","targetHints":{"allow":["GET"]}}],"collection":[{"href":"https:\/\/spitex.pt\/en\/wp-json\/wp\/v2\/pages"}],"about":[{"href":"https:\/\/spitex.pt\/en\/wp-json\/wp\/v2\/types\/page"}],"author":[{"embeddable":true,"href":"https:\/\/spitex.pt\/en\/wp-json\/wp\/v2\/users\/1"}],"replies":[{"embeddable":true,"href":"https:\/\/spitex.pt\/en\/wp-json\/wp\/v2\/comments?post=2191"}],"version-history":[{"count":4,"href":"https:\/\/spitex.pt\/en\/wp-json\/wp\/v2\/pages\/2191\/revisions"}],"predecessor-version":[{"id":5086,"href":"https:\/\/spitex.pt\/en\/wp-json\/wp\/v2\/pages\/2191\/revisions\/5086"}],"wp:attachment":[{"href":"https:\/\/spitex.pt\/en\/wp-json\/wp\/v2\/media?parent=2191"}],"curies":[{"name":"wp","href":"https:\/\/api.w.org\/{rel}","templated":true}]}}